{"id":78,"date":"2025-04-23T19:15:41","date_gmt":"2025-04-23T17:15:41","guid":{"rendered":"http:\/\/aapha.fr\/?page_id=78"},"modified":"2025-09-23T08:11:49","modified_gmt":"2025-09-23T06:11:49","slug":"accueil-du-site","status":"publish","type":"page","link":"https:\/\/aapha.fr\/","title":{"rendered":"Accueil du site"},"content":{"rendered":"\n<div class=\"wp-block-cover alignfull has-custom-content-position is-position-top-center\" style=\"min-height:411px;aspect-ratio:unset;\"><img loading=\"lazy\" decoding=\"async\" width=\"1024\" height=\"576\" class=\"wp-block-cover__image-background wp-image-7 size-large\" alt=\"\" src=\"https:\/\/aapha.fr\/wp-content\/uploads\/2025\/04\/Bandeau-Home-1024x576.jpeg\" data-object-fit=\"cover\" srcset=\"https:\/\/aapha.fr\/wp-content\/uploads\/2025\/04\/Bandeau-Home-1024x576.jpeg 1024w, https:\/\/aapha.fr\/wp-content\/uploads\/2025\/04\/Bandeau-Home-300x169.jpeg 300w, https:\/\/aapha.fr\/wp-content\/uploads\/2025\/04\/Bandeau-Home-768x432.jpeg 768w, https:\/\/aapha.fr\/wp-content\/uploads\/2025\/04\/Bandeau-Home-1536x864.jpeg 1536w, https:\/\/aapha.fr\/wp-content\/uploads\/2025\/04\/Bandeau-Home-2048x1152.jpeg 2048w\" sizes=\"auto, (max-width: 1024px) 100vw, 1024px\" \/><span aria-hidden=\"true\" class=\"wp-block-cover__background has-background-dim-0 has-background-dim\" style=\"background-color:#557393\"><\/span><div class=\"wp-block-cover__inner-container is-layout-flow wp-block-cover-is-layout-flow\">\n<p class=\"has-text-align-center has-base-color has-text-color has-link-color has-xx-large-font-size wp-elements-863d914c3af4c323bb262b568c605e04\" style=\"font-style:normal;font-weight:400\"><strong>Les Amis de l&rsquo;Abbaye et du Patrimoine Historique d&rsquo;Altorf<\/strong><\/p>\n\n\n\n<div style=\"height:179px\" aria-hidden=\"true\" class=\"wp-block-spacer\"><\/div>\n\n\n\n<p class=\"has-text-align-center has-small-font-size\" style=\"font-style:normal;font-weight:300\">L\u2019Association a pour objet de promouvoir toutes activit\u00e9s qui contribuent \u00e0 la conservation et \u00e0 la r\u00e9novation du patrimoine historique d\u2019Altorf.<\/p>\n<\/div><\/div>\n\n\n\n<div style=\"height:100px\" aria-hidden=\"true\" class=\"wp-block-spacer\"><\/div>\n\n\n\n<div class=\"wp-block-group is-content-justification-center is-nowrap is-layout-flex wp-container-core-group-is-layout-23441af8 wp-block-group-is-layout-flex\">\n<p class=\"has-text-align-center has-large-font-size\">Mot du Pr\u00e9sident<\/p>\n\n\n\n<figure class=\"wp-block-image size-full is-resized has-custom-border\"><img loading=\"lazy\" decoding=\"async\" width=\"226\" height=\"226\" src=\"https:\/\/aapha.fr\/wp-content\/uploads\/2025\/04\/BERTRAND-IMG_1585-00-a-edited-1.jpg\" alt=\"\" class=\"wp-image-85\" style=\"border-radius:100px;width:81px;height:auto\" srcset=\"https:\/\/aapha.fr\/wp-content\/uploads\/2025\/04\/BERTRAND-IMG_1585-00-a-edited-1.jpg 226w, https:\/\/aapha.fr\/wp-content\/uploads\/2025\/04\/BERTRAND-IMG_1585-00-a-edited-1-150x150.jpg 150w\" sizes=\"auto, (max-width: 226px) 100vw, 226px\" \/><\/figure>\n<\/div>\n\n\n\n<figure class=\"wp-block-pullquote alignwide has-text-align-center has-accent-background-color has-background has-medium-font-size\" style=\"margin-top:var(--wp--preset--spacing--10);margin-right:0;margin-bottom:var(--wp--preset--spacing--10);margin-left:0;padding-right:var(--wp--preset--spacing--20);padding-left:var(--wp--preset--spacing--20);font-style:normal;font-weight:200\"><blockquote><p>\u201cBonjour et bienvenue sur notre site.<br>Notre association \u00ab Les Amis de l\u2019Abbaye et du Patrimoine Historique d \u2018Altorf a pour objet de contribuer \u00e0 la conservation et r\u00e9novation du Patrimoine Historique d\u2019Altorf (hors Eglise Abbatiale) et \u00e0 son rayonnement cultuel et culturel.<br><br>Elle a \u00e9t\u00e9 cr\u00e9e en 2011 et depuis de nombreux projets de r\u00e9novation ont \u00e9t\u00e9 engag\u00e9s<br>(Clo\u00eetre, mur d\u2019enceinte, lavoirs, herbularius . . . )<br><br>Tous les lundis matin une \u00e9quipe de b\u00e9n\u00e9voles est mobilis\u00e9e pour ces travaux et pour l\u2019entretien et l\u2019enrichissement du Jardin de l\u2019Abbaye qui comprend un Herbularius (plantes m\u00e9dicinales), Hortus (potager), Pommarium (verger) et une vigne .<br><br>Le Jardin est ouvert au public le dimanche en hiver et tous les jours en \u00e9t\u00e9.<br><br>L\u2019association assure, sur r\u00e9servation, plusieurs circuits de visite:<br><em>Jardin, caveau et Eglise Abbatiale (d\u00e8s r\u00e9ouverture de celle-ci)<br>Circuit du \u2018\u2019Sentier des Bornes \u2018\u2019<br>Circuit du \u2018\u2019Village et vieille Bruche \u2018\u2019<\/em><br><br>Dans le cadre de l\u2019animation culturelle, tous les ans la F\u00eate de la Musique est organis\u00e9e au Jardin de l\u2019Abbaye et en cette ann\u00e9e 2025 une grande manifestation a \u00e9t\u00e9 organis\u00e9e pour marquer le 500\u00e9me anniversaire du rassemblement de       3000 paysans \u00e0 l\u2019Abbaye lors de la \u00ab Guerre des Paysans \u00bb<br><br>En esp\u00e9rant que ce site vous permette de mieux nous conna\u00eetre et peut \u00eatre nous rejoindre\u201d<\/p><cite>Marcel BERTRAND<br>Pr\u00e9sident de l&rsquo;AAPHA depuis 2015<\/cite><\/blockquote><\/figure>\n\n\n\n<div style=\"height:100px\" aria-hidden=\"true\" class=\"wp-block-spacer\"><\/div>\n\n\n\n<p class=\"has-large-font-size\">Notre association<\/p>\n\n\n\n<figure class=\"wp-block-image size-large wp-container-content-69bc4bdf\" style=\"margin-top:var(--wp--preset--spacing--20);margin-right:0;margin-bottom:var(--wp--preset--spacing--20);margin-left:0\"><img loading=\"lazy\" decoding=\"async\" width=\"2560\" height=\"1441\" src=\"https:\/\/aapha.fr\/wp-content\/uploads\/2025\/04\/GROUPE-IMG_1585-a-edited-1-scaled.jpg\" alt=\"\" class=\"wp-image-112\" srcset=\"https:\/\/aapha.fr\/wp-content\/uploads\/2025\/04\/GROUPE-IMG_1585-a-edited-1-scaled.jpg 2560w, https:\/\/aapha.fr\/wp-content\/uploads\/2025\/04\/GROUPE-IMG_1585-a-edited-1-300x169.jpg 300w, https:\/\/aapha.fr\/wp-content\/uploads\/2025\/04\/GROUPE-IMG_1585-a-edited-1-1024x576.jpg 1024w, https:\/\/aapha.fr\/wp-content\/uploads\/2025\/04\/GROUPE-IMG_1585-a-edited-1-768x432.jpg 768w, https:\/\/aapha.fr\/wp-content\/uploads\/2025\/04\/GROUPE-IMG_1585-a-edited-1-1536x865.jpg 1536w, https:\/\/aapha.fr\/wp-content\/uploads\/2025\/04\/GROUPE-IMG_1585-a-edited-1-2048x1153.jpg 2048w\" sizes=\"auto, (max-width: 2560px) 100vw, 2560px\" \/><\/figure>\n\n\n\n<div class=\"wp-block-group alignwide is-layout-grid wp-container-core-group-is-layout-90834c91 wp-block-group-is-layout-grid\">\n<div class=\"wp-block-group wp-container-content-9c51b35e is-vertical is-content-justification-center is-layout-flex wp-container-core-group-is-layout-7764e4c8 wp-block-group-is-layout-flex\">\n<p class=\"has-small-font-size\">AAPHA est une association d\u00e9di\u00e9e \u00e0 la pr\u00e9servation et \u00e0 la mise en valeur des sites remarquables du village d&rsquo;Altorf, situ\u00e9 dans le Bas-Rhin, ainsi que de l&rsquo;abbaye d&rsquo;Altorf. <\/p>\n\n\n\n<p class=\"has-small-font-size\">Notre mission est d&rsquo;assurer l&rsquo;entretien et la restauration de ces lieux historiques, afin de pr\u00e9server leur beaut\u00e9 et leur patrimoine pour les g\u00e9n\u00e9rations futures. <\/p>\n\n\n\n<p class=\"has-small-font-size\">Gr\u00e2ce \u00e0 l&rsquo;engagement de nos membres et au soutien de la communaut\u00e9, nous travaillons sans rel\u00e2che pour maintenir l&rsquo;int\u00e9grit\u00e9 et l&rsquo;authenticit\u00e9 de ces sites. <\/p>\n\n\n\n<p class=\"has-small-font-size\">AAPHA s&rsquo;efforce de sensibiliser le public \u00e0 l&rsquo;importance de la conservation du patrimoine culturel tout en favorisant le tourisme responsable et durable. <\/p>\n\n\n\n<p class=\"has-small-font-size\">Rejoignez-nous dans notre mission pour prot\u00e9ger et c\u00e9l\u00e9brer ces tr\u00e9sors historiques.<\/p>\n<\/div>\n<\/div>\n\n\n\n<div style=\"height:100px\" aria-hidden=\"true\" class=\"wp-block-spacer\"><\/div>\n\n\n\n<div class=\"wp-block-group is-vertical is-content-justification-center is-layout-flex wp-container-core-group-is-layout-ce155fab wp-block-group-is-layout-flex\" style=\"border-width:1px;border-radius:37px\">\n<div class=\"wp-block-media-text is-stacked-on-mobile\" style=\"margin-right:0;margin-left:0;padding-top:0;padding-right:0;padding-bottom:0;padding-left:0;grid-template-columns:20% auto\"><figure class=\"wp-block-media-text__media\"><img loading=\"lazy\" decoding=\"async\" width=\"261\" height=\"266\" src=\"https:\/\/aapha.fr\/wp-content\/uploads\/2025\/09\/logo-a-noter.png\" alt=\"\" class=\"wp-image-250 size-full\"\/><\/figure><div class=\"wp-block-media-text__content\">\n<p class=\"has-text-align-center\" style=\"font-size:clamp(1.453rem, 1.453rem + ((1vw - 0.2rem) * 1.578), 2.4rem);font-style:italic;font-weight:600\"><mark style=\"background-color:rgba(0, 0, 0, 0)\" class=\"has-inline-color has-accent-3-color\">Prochaine animation<\/mark><\/p>\n<\/div><\/div>\n\n\n\n<p class=\"has-text-align-center has-accent-3-color has-text-color has-link-color wp-elements-ebdf7f92778dd3f240f1a62808e076e2\" style=\"line-height:1.3\">                        <strong>21 Juin 2026 >> F\u00eate de la Musique<\/strong><\/p>\n\n\n\n<p><\/p>\n<\/div>\n\n\n\n<p><\/p>\n","protected":false},"excerpt":{"rendered":"<p>Mot du Pr\u00e9sident \u201cBonjour et bienvenue sur notre site.Notre association \u00ab Les Amis de l\u2019Abbaye et du Patrimoine Historique d \u2018Altorf a pour objet de contribuer \u00e0 la conservation et r\u00e9novation du Patrimoine Historique d\u2019Altorf (hors Eglise Abbatiale) et \u00e0 son rayonnement cultuel et culturel. Elle a \u00e9t\u00e9 cr\u00e9e en 2011 et depuis de nombreux [&hellip;]<\/p>\n","protected":false},"author":1,"featured_media":0,"parent":0,"menu_order":0,"comment_status":"closed","ping_status":"closed","template":"page-no-title","meta":{"footnotes":""},"class_list":["post-78","page","type-page","status-publish","hentry"],"_links":{"self":[{"href":"https:\/\/aapha.fr\/index.php?rest_route=\/wp\/v2\/pages\/78","targetHints":{"allow":["GET"]}}],"collection":[{"href":"https:\/\/aapha.fr\/index.php?rest_route=\/wp\/v2\/pages"}],"about":[{"href":"https:\/\/aapha.fr\/index.php?rest_route=\/wp\/v2\/types\/page"}],"author":[{"embeddable":true,"href":"https:\/\/aapha.fr\/index.php?rest_route=\/wp\/v2\/users\/1"}],"replies":[{"embeddable":true,"href":"https:\/\/aapha.fr\/index.php?rest_route=%2Fwp%2Fv2%2Fcomments&post=78"}],"version-history":[{"count":39,"href":"https:\/\/aapha.fr\/index.php?rest_route=\/wp\/v2\/pages\/78\/revisions"}],"predecessor-version":[{"id":320,"href":"https:\/\/aapha.fr\/index.php?rest_route=\/wp\/v2\/pages\/78\/revisions\/320"}],"wp:attachment":[{"href":"https:\/\/aapha.fr\/index.php?rest_route=%2Fwp%2Fv2%2Fmedia&parent=78"}],"curies":[{"name":"wp","href":"https:\/\/api.w.org\/{rel}","templated":true}]}}