{"id":210,"date":"2025-09-06T10:08:52","date_gmt":"2025-09-06T08:08:52","guid":{"rendered":"http:\/\/aapha.fr\/?page_id=210"},"modified":"2025-12-27T15:10:02","modified_gmt":"2025-12-27T14:10:02","slug":"informations-pratiques","status":"publish","type":"page","link":"https:\/\/aapha.fr\/?page_id=210","title":{"rendered":"Informations pratiques"},"content":{"rendered":"\n<div style=\"height:20px\" aria-hidden=\"true\" class=\"wp-block-spacer\"><\/div>\n\n\n\n<figure class=\"wp-block-image size-full\"><img loading=\"lazy\" decoding=\"async\" width=\"589\" height=\"917\" src=\"https:\/\/aapha.fr\/wp-content\/uploads\/2025\/12\/Affiche-information-public-3.jpg\" alt=\"\" class=\"wp-image-335\" srcset=\"https:\/\/aapha.fr\/wp-content\/uploads\/2025\/12\/Affiche-information-public-3.jpg 589w, https:\/\/aapha.fr\/wp-content\/uploads\/2025\/12\/Affiche-information-public-3-193x300.jpg 193w\" sizes=\"auto, (max-width: 589px) 100vw, 589px\" \/><\/figure>\n\n\n\n<div class=\"wp-block-group is-layout-grid wp-container-core-group-is-layout-7b7a3b11 wp-block-group-is-layout-grid\">\n<p class=\"wp-container-content-b7c2152c\"><\/p>\n\n\n\n<p class=\"wp-container-content-9d482324\">Adresse postale :<\/p>\n\n\n\n<p class=\"has-text-align-center wp-container-content-63009f4f\"><strong>AAPHA<\/strong><\/p>\n\n\n\n<p class=\"has-text-align-center wp-container-content-63009f4f\"><strong>Mairie d&rsquo;Altorf<\/strong><\/p>\n\n\n\n<p class=\"has-text-align-center wp-container-content-63009f4f\"><strong>12, rue principale<\/strong><\/p>\n\n\n\n<p class=\"has-text-align-center wp-container-content-63009f4f\"><strong>67120 ALTORF<\/strong><\/p>\n\n\n\n<div style=\"height:24px\" aria-hidden=\"true\" class=\"wp-block-spacer wp-container-content-d2d7f73f\"><\/div>\n\n\n\n<p>T\u00e9l\u00e9phone :<\/p>\n\n\n\n<p class=\"has-text-align-center\"><strong>06 60 04 13 78<\/strong><\/p>\n\n\n\n<p class=\"wp-container-content-63009f4f\">Mail : <\/p>\n\n\n\n<p class=\"has-text-align-center wp-container-content-63009f4f\"><strong>contact@aapha.fr<\/strong><\/p>\n\n\n\n<p>Siret du si\u00e8ge : <\/p>\n\n\n\n<p class=\"has-text-align-center wp-container-content-63009f4f\"><strong>798 639 183 00010<\/strong><\/p>\n<\/div>\n\n\n\n<div style=\"height:100px\" aria-hidden=\"true\" class=\"wp-block-spacer\"><\/div>\n\n\n\n<p class=\"has-text-align-center has-x-large-font-size\" style=\"border-width:18px\"><strong><em>DROIT A L\u2019IMAGE<\/em><\/strong><\/p>\n\n\n\n<p><em>Toute personne dont la photo ou la vid\u00e9o appara\u00eet sur le site \u00ab&nbsp;Les Amis de l&rsquo;Abbaye et du Patrimoine Historique d&rsquo;Altorf&nbsp;\u00bb <strong>\u00ab\u00a0AAPHA\u00a0\u00bb<\/strong> b\u00e9n\u00e9ficie du droit de retrait de l\u2019image. Il suffit d\u2019envoyer un message au webmaster &nbsp;par E-mail \u00e0 l&rsquo;adresse mail&nbsp;<strong>contact@aapha.fr<\/strong>&nbsp;en indiquant les r\u00e9f\u00e9rences de la photo ou vid\u00e9o concern\u00e9e.<\/em><\/p>\n\n\n\n<p><em>Toutes les photos \u00e9dit\u00e9es sur ce site sont la propri\u00e9t\u00e9 de l&rsquo;association AAPHA<\/em>.<\/p>\n\n\n\n<p><em>D\u00e8s r\u00e9ception du message, nous supprimerons la(les) photo(s) du site. Les reproductions sont strictement interdites et toute personne physique ou morale se servant de celle-ci \u00e0 des fins personnelles ou professionnelles pourrait encourir des poursuites.<\/em><\/p>\n","protected":false},"excerpt":{"rendered":"<p>Adresse postale : AAPHA Mairie d&rsquo;Altorf 12, rue principale 67120 ALTORF T\u00e9l\u00e9phone : 06 60 04 13 78 Mail : contact@aapha.fr Siret du si\u00e8ge : 798 639 183 00010 DROIT A L\u2019IMAGE Toute personne dont la photo ou la vid\u00e9o appara\u00eet sur le site \u00ab&nbsp;Les Amis de l&rsquo;Abbaye et du Patrimoine Historique d&rsquo;Altorf&nbsp;\u00bb \u00ab\u00a0AAPHA\u00a0\u00bb b\u00e9n\u00e9ficie [&hellip;]<\/p>\n","protected":false},"author":2,"featured_media":0,"parent":0,"menu_order":5,"comment_status":"closed","ping_status":"closed","template":"page-no-title","meta":{"footnotes":""},"class_list":["post-210","page","type-page","status-publish","hentry"],"_links":{"self":[{"href":"https:\/\/aapha.fr\/index.php?rest_route=\/wp\/v2\/pages\/210","targetHints":{"allow":["GET"]}}],"collection":[{"href":"https:\/\/aapha.fr\/index.php?rest_route=\/wp\/v2\/pages"}],"about":[{"href":"https:\/\/aapha.fr\/index.php?rest_route=\/wp\/v2\/types\/page"}],"author":[{"embeddable":true,"href":"https:\/\/aapha.fr\/index.php?rest_route=\/wp\/v2\/users\/2"}],"replies":[{"embeddable":true,"href":"https:\/\/aapha.fr\/index.php?rest_route=%2Fwp%2Fv2%2Fcomments&post=210"}],"version-history":[{"count":11,"href":"https:\/\/aapha.fr\/index.php?rest_route=\/wp\/v2\/pages\/210\/revisions"}],"predecessor-version":[{"id":336,"href":"https:\/\/aapha.fr\/index.php?rest_route=\/wp\/v2\/pages\/210\/revisions\/336"}],"wp:attachment":[{"href":"https:\/\/aapha.fr\/index.php?rest_route=%2Fwp%2Fv2%2Fmedia&parent=210"}],"curies":[{"name":"wp","href":"https:\/\/api.w.org\/{rel}","templated":true}]}}