{"id":170,"date":"2025-09-06T10:09:01","date_gmt":"2025-09-06T08:09:01","guid":{"rendered":"http:\/\/aapha.fr\/?page_id=170"},"modified":"2025-10-10T17:48:20","modified_gmt":"2025-10-10T15:48:20","slug":"les-membres","status":"publish","type":"page","link":"https:\/\/aapha.fr\/?page_id=170","title":{"rendered":"Les Membres"},"content":{"rendered":"\n<div class=\"wp-block-cover alignfull\" style=\"min-height:410px;aspect-ratio:unset;\"><img loading=\"lazy\" decoding=\"async\" width=\"1024\" height=\"708\" class=\"wp-block-cover__image-background wp-image-291 size-large\" alt=\"\" src=\"https:\/\/aapha.fr\/wp-content\/uploads\/2025\/09\/IMG_1573-1024x708.jpg\" data-object-fit=\"cover\" srcset=\"https:\/\/aapha.fr\/wp-content\/uploads\/2025\/09\/IMG_1573-1024x708.jpg 1024w, https:\/\/aapha.fr\/wp-content\/uploads\/2025\/09\/IMG_1573-300x207.jpg 300w, https:\/\/aapha.fr\/wp-content\/uploads\/2025\/09\/IMG_1573-768x531.jpg 768w, https:\/\/aapha.fr\/wp-content\/uploads\/2025\/09\/IMG_1573-1536x1062.jpg 1536w, https:\/\/aapha.fr\/wp-content\/uploads\/2025\/09\/IMG_1573-2048x1416.jpg 2048w\" sizes=\"auto, (max-width: 1024px) 100vw, 1024px\" \/><span aria-hidden=\"true\" class=\"wp-block-cover__background has-background-dim-0 has-background-dim\" style=\"background-color:#727c7c\"><\/span><div class=\"wp-block-cover__inner-container has-global-padding is-layout-constrained wp-block-cover-is-layout-constrained\">\n<div style=\"height:315px\" aria-hidden=\"true\" class=\"wp-block-spacer\"><\/div>\n\n\n\n<p class=\"has-text-align-center has-xx-large-font-size\"><strong>Les membres<\/strong><\/p>\n<\/div><\/div>\n\n\n\n<p class=\"has-text-align-center has-large-font-size\"><\/p>\n\n\n\n<figure class=\"wp-block-image size-large\"><img loading=\"lazy\" decoding=\"async\" width=\"1024\" height=\"484\" src=\"https:\/\/aapha.fr\/wp-content\/uploads\/2025\/10\/P1050852-1024x484.jpg\" alt=\"\" class=\"wp-image-323\" srcset=\"https:\/\/aapha.fr\/wp-content\/uploads\/2025\/10\/P1050852-1024x484.jpg 1024w, https:\/\/aapha.fr\/wp-content\/uploads\/2025\/10\/P1050852-300x142.jpg 300w, https:\/\/aapha.fr\/wp-content\/uploads\/2025\/10\/P1050852-768x363.jpg 768w, https:\/\/aapha.fr\/wp-content\/uploads\/2025\/10\/P1050852-1536x726.jpg 1536w, https:\/\/aapha.fr\/wp-content\/uploads\/2025\/10\/P1050852-2048x967.jpg 2048w\" sizes=\"auto, (max-width: 1024px) 100vw, 1024px\" \/><\/figure>\n\n\n\n<div style=\"height:42px\" aria-hidden=\"true\" class=\"wp-block-spacer\"><\/div>\n\n\n\n<figure class=\"wp-block-image size-large\"><img loading=\"lazy\" decoding=\"async\" width=\"1024\" height=\"730\" src=\"https:\/\/aapha.fr\/wp-content\/uploads\/2025\/09\/P1030136-1024x730.jpg\" alt=\"\" class=\"wp-image-224\" srcset=\"https:\/\/aapha.fr\/wp-content\/uploads\/2025\/09\/P1030136-1024x730.jpg 1024w, https:\/\/aapha.fr\/wp-content\/uploads\/2025\/09\/P1030136-300x214.jpg 300w, https:\/\/aapha.fr\/wp-content\/uploads\/2025\/09\/P1030136-768x547.jpg 768w, https:\/\/aapha.fr\/wp-content\/uploads\/2025\/09\/P1030136-1536x1095.jpg 1536w, https:\/\/aapha.fr\/wp-content\/uploads\/2025\/09\/P1030136-2048x1460.jpg 2048w\" sizes=\"auto, (max-width: 1024px) 100vw, 1024px\" \/><\/figure>\n\n\n\n<div style=\"height:76px\" aria-hidden=\"true\" class=\"wp-block-spacer\"><\/div>\n\n\n\n<p class=\"has-text-align-center has-large-font-size\">Nos membres ont la parole<\/p>\n\n\n\n<div class=\"wp-block-group is-vertical is-layout-flex wp-container-core-group-is-layout-fe9cc265 wp-block-group-is-layout-flex\">\n<div class=\"wp-block-group is-content-justification-space-between is-nowrap is-layout-flex wp-container-core-group-is-layout-cb46ffcb wp-block-group-is-layout-flex\">\n<div class=\"wp-block-media-text is-stacked-on-mobile\" style=\"grid-template-columns:51% auto\"><figure class=\"wp-block-media-text__media\"><img loading=\"lazy\" decoding=\"async\" width=\"341\" height=\"517\" src=\"https:\/\/aapha.fr\/wp-content\/uploads\/2025\/08\/av9sOi6zTqGirk3nebsocg-a.jpeg\" alt=\"\" class=\"wp-image-158 size-full\" srcset=\"https:\/\/aapha.fr\/wp-content\/uploads\/2025\/08\/av9sOi6zTqGirk3nebsocg-a.jpeg 341w, https:\/\/aapha.fr\/wp-content\/uploads\/2025\/08\/av9sOi6zTqGirk3nebsocg-a-198x300.jpeg 198w\" sizes=\"auto, (max-width: 341px) 100vw, 341px\" \/><\/figure><div class=\"wp-block-media-text__content\">\n<div class=\"wp-block-group is-nowrap is-layout-flex wp-container-core-group-is-layout-6c531013 wp-block-group-is-layout-flex\">\n<p><strong>Marcel BERNARD<\/strong><\/p>\n<\/div>\n\n\n\n<p class=\"has-small-font-size wp-container-content-69bc4bdf\">Pr\u00e9sident de l&rsquo;AAPHA depuis 2015<\/p>\n<\/div><\/div>\n<\/div>\n\n\n\n<p><\/p>\n<\/div>\n\n\n\n<div style=\"height:50px\" aria-hidden=\"true\" class=\"wp-block-spacer wp-container-content-69bc4bdf\"><\/div>\n\n\n\n<div class=\"wp-block-group is-vertical is-layout-flex wp-container-core-group-is-layout-fe9cc265 wp-block-group-is-layout-flex\">\n<div class=\"wp-block-group is-content-justification-space-between is-nowrap is-layout-flex wp-container-core-group-is-layout-cb46ffcb wp-block-group-is-layout-flex\">\n<div class=\"wp-block-media-text is-stacked-on-mobile is-vertically-aligned-top\"><figure class=\"wp-block-media-text__media\"><img loading=\"lazy\" decoding=\"async\" width=\"846\" height=\"1024\" src=\"https:\/\/aapha.fr\/wp-content\/uploads\/2025\/04\/KOPP-IMG_9868-a-scaled-e1746360449817-846x1024.jpg\" alt=\"\" class=\"wp-image-29 size-full\" srcset=\"https:\/\/aapha.fr\/wp-content\/uploads\/2025\/04\/KOPP-IMG_9868-a-scaled-e1746360449817-846x1024.jpg 846w, https:\/\/aapha.fr\/wp-content\/uploads\/2025\/04\/KOPP-IMG_9868-a-scaled-e1746360449817-248x300.jpg 248w, https:\/\/aapha.fr\/wp-content\/uploads\/2025\/04\/KOPP-IMG_9868-a-scaled-e1746360449817-768x930.jpg 768w, https:\/\/aapha.fr\/wp-content\/uploads\/2025\/04\/KOPP-IMG_9868-a-scaled-e1746360449817-1269x1536.jpg 1269w, https:\/\/aapha.fr\/wp-content\/uploads\/2025\/04\/KOPP-IMG_9868-a-scaled-e1746360449817-1692x2048.jpg 1692w, https:\/\/aapha.fr\/wp-content\/uploads\/2025\/04\/KOPP-IMG_9868-a-scaled-e1746360449817.jpg 1737w\" sizes=\"auto, (max-width: 846px) 100vw, 846px\" \/><\/figure><div class=\"wp-block-media-text__content\">\n<p><strong>Julien KOPP<\/strong><\/p>\n\n\n\n<p class=\"has-small-font-size\">Membre fondateur<\/p>\n\n\n\n<p class=\"has-small-font-size\">Pr\u00e9sident de 2011 \u00e0 2015<\/p>\n\n\n\n<p class=\"has-small-font-size\">Pr\u00e9sident d&rsquo;honneur<\/p>\n<\/div><\/div>\n<\/div>\n\n\n\n<p><\/p>\n<\/div>\n\n\n\n<div style=\"height:50px\" aria-hidden=\"true\" class=\"wp-block-spacer\"><\/div>\n\n\n\n<div class=\"wp-block-group is-vertical is-layout-flex wp-container-core-group-is-layout-fe9cc265 wp-block-group-is-layout-flex\">\n<div class=\"wp-block-group is-content-justification-space-between is-nowrap is-layout-flex wp-container-core-group-is-layout-cb46ffcb wp-block-group-is-layout-flex\">\n<div class=\"wp-block-media-text is-stacked-on-mobile\"><figure class=\"wp-block-media-text__media\"><img loading=\"lazy\" decoding=\"async\" width=\"481\" height=\"641\" src=\"https:\/\/aapha.fr\/wp-content\/uploads\/2025\/08\/evWs9TUaREyRlFNmNP5-ng-a.jpeg\" alt=\"\" class=\"wp-image-162 size-full\" srcset=\"https:\/\/aapha.fr\/wp-content\/uploads\/2025\/08\/evWs9TUaREyRlFNmNP5-ng-a.jpeg 481w, https:\/\/aapha.fr\/wp-content\/uploads\/2025\/08\/evWs9TUaREyRlFNmNP5-ng-a-225x300.jpeg 225w\" sizes=\"auto, (max-width: 481px) 100vw, 481px\" \/><\/figure><div class=\"wp-block-media-text__content\">\n<p><strong>Andr\u00e9 MUNCH<\/strong><\/p>\n\n\n\n<p class=\"has-small-font-size\">Membre fondateur<\/p>\n\n\n\n<p class=\"has-small-font-size\">Tr\u00e9sorier de l&rsquo;AAPHA<\/p>\n<\/div><\/div>\n<\/div>\n\n\n\n<p class=\"has-small-font-size\">Etant encore en activit\u00e9, Julien KOPP m&rsquo;a contact\u00e9 pour faire partie de l&rsquo;\u00e9quipe de b\u00e9n\u00e9voles qui entretient le jardin de l&rsquo;abbaye. De tout temps et depuis toujours j&rsquo;\u00e9tais attir\u00e9 par les vieilles pierres et la beaut\u00e9 de ce lieu. Une fois retrait\u00e9, j&rsquo;ai donc d\u00e9cid\u00e9 de franchir le pas en 2010 et de me rapprocher de l&rsquo;\u00e9quipe de b\u00e9n\u00e9voles de l&rsquo;\u00e9poque pour apporter ma pierre \u00e0 l&rsquo;\u00e9difice. Le 9 juin 2011 fut cr\u00e9\u00e9 l&rsquo;association \u00a0\u00bb les Amis de l&rsquo;Abbaye et du Patrimoine Historique d&rsquo;Altorf \u00a0\u00bb dit AAPHA dont je suis membre fondateur et tr\u00e9sorier depuis avril 2013.<\/p>\n<\/div>\n\n\n\n<div style=\"height:50px\" aria-hidden=\"true\" class=\"wp-block-spacer\"><\/div>\n\n\n\n<div class=\"wp-block-group is-vertical is-layout-flex wp-container-core-group-is-layout-fe9cc265 wp-block-group-is-layout-flex\">\n<div class=\"wp-block-media-text is-stacked-on-mobile\"><figure class=\"wp-block-media-text__media\"><img loading=\"lazy\" decoding=\"async\" width=\"481\" height=\"641\" src=\"https:\/\/aapha.fr\/wp-content\/uploads\/2025\/04\/Schaeffer-Roland-00-a.jpeg\" alt=\"\" class=\"wp-image-32 size-full\" srcset=\"https:\/\/aapha.fr\/wp-content\/uploads\/2025\/04\/Schaeffer-Roland-00-a.jpeg 481w, https:\/\/aapha.fr\/wp-content\/uploads\/2025\/04\/Schaeffer-Roland-00-a-225x300.jpeg 225w\" sizes=\"auto, (max-width: 481px) 100vw, 481px\" \/><\/figure><div class=\"wp-block-media-text__content\">\n<p><strong>Roland SCHAEFFER<\/strong><\/p>\n\n\n\n<p class=\"has-small-font-size\">Secr\u00e9taire de l&rsquo;AAPHA<\/p>\n<\/div><\/div>\n<\/div>\n\n\n\n<p class=\"has-small-font-size\">A mon d\u00e9part en retraite, je me suis dit qu&rsquo;en tant qu&rsquo;Altorfois de souche, je me devais de donner de mon temps pour la communaut\u00e9 locale, ceci d&rsquo;autant plus que j&rsquo;habite sur le site de l&rsquo;ancienne Abbaye. Il \u00e9tait donc tout \u00e0 fait normal que j&rsquo;int\u00e8gre l&rsquo;association qui s&rsquo;occupe de la conservation du patrimoine historique du village. C&rsquo;\u00e9tait vers 2010 que j&rsquo;ai propos\u00e9 au pr\u00e9sident d&rsquo;alors de venir rejoindre ses \u00e9quipes. Tr\u00e8s vite je me suis fait remarquer pour mes dons de manuel, malgr\u00e9 toute une vie pass\u00e9e enferm\u00e9 dans un bureau.<br>Avec Erwin, autre manuel polyvalent, nous avons organis\u00e9 et r\u00e9alis\u00e9 d&rsquo;importants travaux de r\u00e9paration, notamment la remise en \u00e9tat des murs en moellons entourant le Jardin Monastique. Je voudrais associer mon \u00e9pouse, Brigitte, malheureusement d\u00e9c\u00e9d\u00e9e entre-temps, qui n&rsquo;a jamais manqu\u00e9 de nous pr\u00e9parer un bon repas pour nous redonner des forces et du courage pour ces longues, dures et parfois p\u00e9rilleuses journ\u00e9es de travail. Enfin, ce n&rsquo;est pas tout, avec mes connaissances de l&rsquo;administratif, on ne m&rsquo;a pas rat\u00e9 pour le poste de secr\u00e9taire que j&rsquo;occupe aussi depuis une douzaine d&rsquo;ann\u00e9es.<br>A 76 ans, mon message envers les nouvelles et nouveaux retrait\u00e9s : venez nous rejoindre, vos forces et id\u00e9es sont les bienvenues, sachez aussi qu&rsquo;avec nous on rigole souvent et on ne s&rsquo;ennuie jamais.<\/p>\n\n\n\n<div style=\"height:50px\" aria-hidden=\"true\" class=\"wp-block-spacer\"><\/div>\n\n\n\n<div class=\"wp-block-group is-vertical is-layout-flex wp-container-core-group-is-layout-fe9cc265 wp-block-group-is-layout-flex\">\n<div class=\"wp-block-media-text is-stacked-on-mobile\"><figure class=\"wp-block-media-text__media\"><img loading=\"lazy\" decoding=\"async\" width=\"729\" height=\"1024\" src=\"https:\/\/aapha.fr\/wp-content\/uploads\/2025\/04\/LEIBENGUTH-Jean-Pierre-00-a-729x1024.jpg\" alt=\"\" class=\"wp-image-31 size-full\" srcset=\"https:\/\/aapha.fr\/wp-content\/uploads\/2025\/04\/LEIBENGUTH-Jean-Pierre-00-a-729x1024.jpg 729w, https:\/\/aapha.fr\/wp-content\/uploads\/2025\/04\/LEIBENGUTH-Jean-Pierre-00-a-214x300.jpg 214w, https:\/\/aapha.fr\/wp-content\/uploads\/2025\/04\/LEIBENGUTH-Jean-Pierre-00-a-768x1079.jpg 768w, https:\/\/aapha.fr\/wp-content\/uploads\/2025\/04\/LEIBENGUTH-Jean-Pierre-00-a-1093x1536.jpg 1093w, https:\/\/aapha.fr\/wp-content\/uploads\/2025\/04\/LEIBENGUTH-Jean-Pierre-00-a-1458x2048.jpg 1458w, https:\/\/aapha.fr\/wp-content\/uploads\/2025\/04\/LEIBENGUTH-Jean-Pierre-00-a-scaled.jpg 1822w\" sizes=\"auto, (max-width: 729px) 100vw, 729px\" \/><\/figure><div class=\"wp-block-media-text__content\">\n<p><strong>Jean-Pierre LEIBENGUTH<\/strong><\/p>\n\n\n\n<p class=\"has-small-font-size\">B\u00e9n\u00e9vole<\/p>\n<\/div><\/div>\n\n\n\n<p class=\"has-small-font-size\">M\u2019\u00e9tant \u00e9tabli en famille en 1999 \u00e0 Altorf, je suis tomb\u00e9 de suite sous le charme de cette embl\u00e9matique b\u00e2tisse qu\u2019est l\u2019Abbaye. Nullement insensible \u00e0 la beaut\u00e9 de son jardin et de la s\u00e9r\u00e9nit\u00e9 qui s\u2019en d\u00e9gage, j\u2019ai toujours appr\u00e9ci\u00e9 l\u2019investissement des b\u00e9n\u00e9voles de l\u2019AAPHA, \u0153uvrant \u00e0 son entretien.<br>Fra\u00eechement retrait\u00e9, en 2018, je me suis rapproch\u00e9 de l\u2019association qui m\u2019a r\u00e9serv\u00e9 un accueil des plus chaleureux.<br>Je peux appr\u00e9cier, en son sein, la bonne humeur des membres, leur savoir, leur savoir faire autant que leur savoir \u00eatre.<br>J\u2019y ai d\u00e9velopp\u00e9 une r\u00e9elle passion pour les \u00ab vieilles pierres \u00bb et sous l\u2019impulsion b\u00e9n\u00e9fique de Julien et de sa volont\u00e9 de transmission de l\u2019histoire, j\u2019ai d\u00e9cid\u00e9 de marcher dans ses pas, aux c\u00f4t\u00e9s d\u2019autres membres, en faisant d\u00e9couvrir notre riche patrimoine au travers de visites guid\u00e9es.<\/p>\n<\/div>\n\n\n\n<div style=\"height:50px\" aria-hidden=\"true\" class=\"wp-block-spacer\"><\/div>\n\n\n\n<div class=\"wp-block-group is-vertical is-layout-flex wp-container-core-group-is-layout-fe9cc265 wp-block-group-is-layout-flex\">\n<div class=\"wp-block-media-text is-stacked-on-mobile\"><figure class=\"wp-block-media-text__media\"><img loading=\"lazy\" decoding=\"async\" width=\"655\" height=\"1024\" src=\"https:\/\/aapha.fr\/wp-content\/uploads\/2025\/04\/SCHAAL-IMG_8300-a-655x1024.jpg\" alt=\"\" class=\"wp-image-33 size-full\" srcset=\"https:\/\/aapha.fr\/wp-content\/uploads\/2025\/04\/SCHAAL-IMG_8300-a-655x1024.jpg 655w, https:\/\/aapha.fr\/wp-content\/uploads\/2025\/04\/SCHAAL-IMG_8300-a-192x300.jpg 192w, https:\/\/aapha.fr\/wp-content\/uploads\/2025\/04\/SCHAAL-IMG_8300-a-768x1200.jpg 768w, https:\/\/aapha.fr\/wp-content\/uploads\/2025\/04\/SCHAAL-IMG_8300-a-983x1536.jpg 983w, https:\/\/aapha.fr\/wp-content\/uploads\/2025\/04\/SCHAAL-IMG_8300-a.jpg 1077w\" sizes=\"auto, (max-width: 655px) 100vw, 655px\" \/><\/figure><div class=\"wp-block-media-text__content\">\n<p><strong>Christian SCHAAL<\/strong><\/p>\n\n\n\n<p class=\"has-small-font-size\">B\u00e9n\u00e9vole<\/p>\n<\/div><\/div>\n\n\n\n<p class=\"has-small-font-size\">R\u00e9sident \u00e0 Altorf depuis 2021, j\u2019ai particip\u00e9 \u00e0 l\u2019op\u00e9ration de plantation des arbustes et haies organis\u00e9e par la commune et fait ainsi la connaissance de certains membres de l\u2019AAPHA. C\u2019est tout naturellement je me suis associ\u00e9 \u00e0 cette \u00e9quipe de b\u00e9n\u00e9voles qui se r\u00e9unit tous les lundis matin, pour r\u00e9aliser diff\u00e9rents travaux d\u2019entretien du jardin de l\u2019Abbaye, et ce toujours dans la joie et la bonne humeur.<br>L\u2019int\u00e9gration dans cette association me permet de participer \u00e0 la vie du village et de cr\u00e9er un lien avec les habitants qui ont toujours l\u2019une ou l\u2019autre anecdote \u00e0 nous raconter.<\/p>\n<\/div>\n","protected":false},"excerpt":{"rendered":"<p>Nos membres ont la parole Marcel BERNARD Pr\u00e9sident de l&rsquo;AAPHA depuis 2015 Julien KOPP Membre fondateur Pr\u00e9sident de 2011 \u00e0 2015 Pr\u00e9sident d&rsquo;honneur Andr\u00e9 MUNCH Membre fondateur Tr\u00e9sorier de l&rsquo;AAPHA Etant encore en activit\u00e9, Julien KOPP m&rsquo;a contact\u00e9 pour faire partie de l&rsquo;\u00e9quipe de b\u00e9n\u00e9voles qui entretient le jardin de l&rsquo;abbaye. De tout temps et [&hellip;]<\/p>\n","protected":false},"author":2,"featured_media":172,"parent":0,"menu_order":1,"comment_status":"closed","ping_status":"closed","template":"page-no-title","meta":{"footnotes":""},"class_list":["post-170","page","type-page","status-publish","has-post-thumbnail","hentry"],"_links":{"self":[{"href":"https:\/\/aapha.fr\/index.php?rest_route=\/wp\/v2\/pages\/170","targetHints":{"allow":["GET"]}}],"collection":[{"href":"https:\/\/aapha.fr\/index.php?rest_route=\/wp\/v2\/pages"}],"about":[{"href":"https:\/\/aapha.fr\/index.php?rest_route=\/wp\/v2\/types\/page"}],"author":[{"embeddable":true,"href":"https:\/\/aapha.fr\/index.php?rest_route=\/wp\/v2\/users\/2"}],"replies":[{"embeddable":true,"href":"https:\/\/aapha.fr\/index.php?rest_route=%2Fwp%2Fv2%2Fcomments&post=170"}],"version-history":[{"count":33,"href":"https:\/\/aapha.fr\/index.php?rest_route=\/wp\/v2\/pages\/170\/revisions"}],"predecessor-version":[{"id":324,"href":"https:\/\/aapha.fr\/index.php?rest_route=\/wp\/v2\/pages\/170\/revisions\/324"}],"wp:featuredmedia":[{"embeddable":true,"href":"https:\/\/aapha.fr\/index.php?rest_route=\/wp\/v2\/media\/172"}],"wp:attachment":[{"href":"https:\/\/aapha.fr\/index.php?rest_route=%2Fwp%2Fv2%2Fmedia&parent=170"}],"curies":[{"name":"wp","href":"https:\/\/api.w.org\/{rel}","templated":true}]}}