{"id":145,"date":"2025-09-06T10:09:09","date_gmt":"2025-09-06T08:09:09","guid":{"rendered":"http:\/\/aapha.fr\/?page_id=145"},"modified":"2025-09-22T14:34:39","modified_gmt":"2025-09-22T12:34:39","slug":"nos-dernieres-animations","status":"publish","type":"page","link":"https:\/\/aapha.fr\/?page_id=145","title":{"rendered":"Nos derni\u00e8res animations"},"content":{"rendered":"\n<div class=\"wp-block-cover alignfull\"><img loading=\"lazy\" decoding=\"async\" width=\"2560\" height=\"1130\" class=\"wp-block-cover__image-background wp-image-283 size-full\" alt=\"\" src=\"https:\/\/aapha.fr\/wp-content\/uploads\/2025\/09\/P1050473-scaled.jpg\" data-object-fit=\"cover\" srcset=\"https:\/\/aapha.fr\/wp-content\/uploads\/2025\/09\/P1050473-scaled.jpg 2560w, https:\/\/aapha.fr\/wp-content\/uploads\/2025\/09\/P1050473-300x132.jpg 300w, https:\/\/aapha.fr\/wp-content\/uploads\/2025\/09\/P1050473-1024x452.jpg 1024w, https:\/\/aapha.fr\/wp-content\/uploads\/2025\/09\/P1050473-768x339.jpg 768w, https:\/\/aapha.fr\/wp-content\/uploads\/2025\/09\/P1050473-1536x678.jpg 1536w, https:\/\/aapha.fr\/wp-content\/uploads\/2025\/09\/P1050473-2048x904.jpg 2048w\" sizes=\"auto, (max-width: 2560px) 100vw, 2560px\" \/><span aria-hidden=\"true\" class=\"wp-block-cover__background has-background-dim-0 has-background-dim\" style=\"background-color:#585d5b\"><\/span><div class=\"wp-block-cover__inner-container is-layout-flow wp-block-cover-is-layout-flow\">\n<div style=\"height:206px\" aria-hidden=\"true\" class=\"wp-block-spacer\"><\/div>\n\n\n\n<p class=\"has-text-align-center has-xx-large-font-size\" style=\"margin-right:0;margin-left:0\"><strong>Nos derni\u00e8res animations<\/strong><\/p>\n<\/div><\/div>\n\n\n\n<div style=\"height:50px\" aria-hidden=\"true\" class=\"wp-block-spacer\"><\/div>\n\n\n\n<p class=\"has-text-align-center has-small-font-size\"><strong>21 septembre 2025<\/strong><\/p>\n\n\n\n<p class=\"has-small-font-size\">Dans le cadre des <strong>journ\u00e9es du patrimoine<\/strong>, une visite guid\u00e9e intitul\u00e9e \u00ab\u00a0Patrimoine et Nature\u00a0\u00bb a \u00e9t\u00e9 organis\u00e9e par l&rsquo;AAPHA<\/p>\n\n\n\n<p class=\"has-small-font-size\">Nombre de participants : 7<\/p>\n\n\n\n<figure class=\"wp-block-image size-full is-resized\"><img loading=\"lazy\" decoding=\"async\" width=\"470\" height=\"497\" src=\"https:\/\/aapha.fr\/wp-content\/uploads\/2025\/09\/Chapelle-dAltorf.jpeg\" alt=\"\" class=\"wp-image-277\" style=\"width:603px;height:auto\" srcset=\"https:\/\/aapha.fr\/wp-content\/uploads\/2025\/09\/Chapelle-dAltorf.jpeg 470w, https:\/\/aapha.fr\/wp-content\/uploads\/2025\/09\/Chapelle-dAltorf-284x300.jpeg 284w\" sizes=\"auto, (max-width: 470px) 100vw, 470px\" \/><\/figure>\n\n\n\n<p class=\"has-small-font-size\"><strong>Chapelle d&rsquo;Altorf<\/strong><\/p>\n\n\n\n<div style=\"height:100px\" aria-hidden=\"true\" class=\"wp-block-spacer\"><\/div>\n\n\n\n<p class=\"has-text-align-center has-small-font-size\"><strong>28 juin 2025<\/strong><\/p>\n\n\n\n<div class=\"wp-block-cover alignfull\"><img loading=\"lazy\" decoding=\"async\" width=\"1024\" height=\"683\" class=\"wp-block-cover__image-background wp-image-198 size-large\" alt=\"\" src=\"https:\/\/aapha.fr\/wp-content\/uploads\/2025\/08\/P1050472-1024x683.jpg\" data-object-fit=\"cover\" srcset=\"https:\/\/aapha.fr\/wp-content\/uploads\/2025\/08\/P1050472-1024x683.jpg 1024w, https:\/\/aapha.fr\/wp-content\/uploads\/2025\/08\/P1050472-300x200.jpg 300w, https:\/\/aapha.fr\/wp-content\/uploads\/2025\/08\/P1050472-768x512.jpg 768w, https:\/\/aapha.fr\/wp-content\/uploads\/2025\/08\/P1050472-1536x1024.jpg 1536w, https:\/\/aapha.fr\/wp-content\/uploads\/2025\/08\/P1050472-2048x1365.jpg 2048w\" sizes=\"auto, (max-width: 1024px) 100vw, 1024px\" \/><span aria-hidden=\"true\" class=\"wp-block-cover__background has-background-dim-0 has-background-dim\" style=\"background-color:#777e80\"><\/span><div class=\"wp-block-cover__inner-container has-global-padding is-layout-constrained wp-block-cover-is-layout-constrained\">\n<div style=\"height:222px\" aria-hidden=\"true\" class=\"wp-block-spacer\"><\/div>\n\n\n\n<p class=\"has-text-align-center has-x-large-font-size\"><strong>F\u00eate de la musique<\/strong> <\/p>\n<\/div><\/div>\n\n\n\n<figure class=\"wp-block-image size-large\"><img loading=\"lazy\" decoding=\"async\" width=\"1024\" height=\"683\" src=\"https:\/\/aapha.fr\/wp-content\/uploads\/2025\/08\/P1050487-1024x683.jpg\" alt=\"\" class=\"wp-image-207\" srcset=\"https:\/\/aapha.fr\/wp-content\/uploads\/2025\/08\/P1050487-1024x683.jpg 1024w, https:\/\/aapha.fr\/wp-content\/uploads\/2025\/08\/P1050487-300x200.jpg 300w, https:\/\/aapha.fr\/wp-content\/uploads\/2025\/08\/P1050487-768x512.jpg 768w, https:\/\/aapha.fr\/wp-content\/uploads\/2025\/08\/P1050487-1536x1024.jpg 1536w, https:\/\/aapha.fr\/wp-content\/uploads\/2025\/08\/P1050487-2048x1365.jpg 2048w\" sizes=\"auto, (max-width: 1024px) 100vw, 1024px\" \/><\/figure>\n\n\n\n<figure class=\"wp-block-gallery alignwide has-nested-images columns-3 is-cropped wp-block-gallery-1 is-layout-flex wp-block-gallery-is-layout-flex\">\n<figure class=\"wp-block-image size-large\"><img loading=\"lazy\" decoding=\"async\" width=\"1024\" height=\"683\" data-id=\"203\" src=\"https:\/\/aapha.fr\/wp-content\/uploads\/2025\/08\/P1050463-1024x683.jpg\" alt=\"\" class=\"wp-image-203\" srcset=\"https:\/\/aapha.fr\/wp-content\/uploads\/2025\/08\/P1050463-1024x683.jpg 1024w, https:\/\/aapha.fr\/wp-content\/uploads\/2025\/08\/P1050463-300x200.jpg 300w, https:\/\/aapha.fr\/wp-content\/uploads\/2025\/08\/P1050463-768x512.jpg 768w, https:\/\/aapha.fr\/wp-content\/uploads\/2025\/08\/P1050463-1536x1024.jpg 1536w, https:\/\/aapha.fr\/wp-content\/uploads\/2025\/08\/P1050463-2048x1365.jpg 2048w\" sizes=\"auto, (max-width: 1024px) 100vw, 1024px\" \/><\/figure>\n\n\n\n<figure class=\"wp-block-image size-large\"><img loading=\"lazy\" decoding=\"async\" width=\"1024\" height=\"781\" data-id=\"199\" src=\"https:\/\/aapha.fr\/wp-content\/uploads\/2025\/08\/P1050457-1024x781.jpg\" alt=\"\" class=\"wp-image-199\" srcset=\"https:\/\/aapha.fr\/wp-content\/uploads\/2025\/08\/P1050457-1024x781.jpg 1024w, https:\/\/aapha.fr\/wp-content\/uploads\/2025\/08\/P1050457-300x229.jpg 300w, https:\/\/aapha.fr\/wp-content\/uploads\/2025\/08\/P1050457-768x586.jpg 768w, https:\/\/aapha.fr\/wp-content\/uploads\/2025\/08\/P1050457-1536x1172.jpg 1536w, https:\/\/aapha.fr\/wp-content\/uploads\/2025\/08\/P1050457-2048x1562.jpg 2048w\" sizes=\"auto, (max-width: 1024px) 100vw, 1024px\" \/><\/figure>\n\n\n\n<figure class=\"wp-block-image size-large\"><img loading=\"lazy\" decoding=\"async\" width=\"912\" height=\"1024\" data-id=\"201\" src=\"https:\/\/aapha.fr\/wp-content\/uploads\/2025\/08\/P1050477-912x1024.jpg\" alt=\"\" class=\"wp-image-201\" srcset=\"https:\/\/aapha.fr\/wp-content\/uploads\/2025\/08\/P1050477-912x1024.jpg 912w, https:\/\/aapha.fr\/wp-content\/uploads\/2025\/08\/P1050477-267x300.jpg 267w, https:\/\/aapha.fr\/wp-content\/uploads\/2025\/08\/P1050477-768x862.jpg 768w, https:\/\/aapha.fr\/wp-content\/uploads\/2025\/08\/P1050477-1368x1536.jpg 1368w, https:\/\/aapha.fr\/wp-content\/uploads\/2025\/08\/P1050477-1824x2048.jpg 1824w\" sizes=\"auto, (max-width: 912px) 100vw, 912px\" \/><\/figure>\n\n\n\n<figure class=\"wp-block-image size-large\"><img loading=\"lazy\" decoding=\"async\" width=\"1024\" height=\"662\" data-id=\"200\" src=\"https:\/\/aapha.fr\/wp-content\/uploads\/2025\/08\/P1050476-1024x662.jpg\" alt=\"\" class=\"wp-image-200\" srcset=\"https:\/\/aapha.fr\/wp-content\/uploads\/2025\/08\/P1050476-1024x662.jpg 1024w, https:\/\/aapha.fr\/wp-content\/uploads\/2025\/08\/P1050476-300x194.jpg 300w, https:\/\/aapha.fr\/wp-content\/uploads\/2025\/08\/P1050476-768x497.jpg 768w, https:\/\/aapha.fr\/wp-content\/uploads\/2025\/08\/P1050476-1536x993.jpg 1536w, https:\/\/aapha.fr\/wp-content\/uploads\/2025\/08\/P1050476-2048x1324.jpg 2048w\" sizes=\"auto, (max-width: 1024px) 100vw, 1024px\" \/><\/figure>\n\n\n\n<figure class=\"wp-block-image size-large\"><img loading=\"lazy\" decoding=\"async\" width=\"1024\" height=\"683\" data-id=\"208\" src=\"https:\/\/aapha.fr\/wp-content\/uploads\/2025\/08\/P1050487-1-1024x683.jpg\" alt=\"\" class=\"wp-image-208\" srcset=\"https:\/\/aapha.fr\/wp-content\/uploads\/2025\/08\/P1050487-1-1024x683.jpg 1024w, https:\/\/aapha.fr\/wp-content\/uploads\/2025\/08\/P1050487-1-300x200.jpg 300w, https:\/\/aapha.fr\/wp-content\/uploads\/2025\/08\/P1050487-1-768x512.jpg 768w, https:\/\/aapha.fr\/wp-content\/uploads\/2025\/08\/P1050487-1-1536x1024.jpg 1536w, https:\/\/aapha.fr\/wp-content\/uploads\/2025\/08\/P1050487-1-2048x1365.jpg 2048w\" sizes=\"auto, (max-width: 1024px) 100vw, 1024px\" \/><\/figure>\n\n\n\n<figure class=\"wp-block-image size-large\"><img loading=\"lazy\" decoding=\"async\" width=\"1024\" height=\"452\" data-id=\"202\" src=\"https:\/\/aapha.fr\/wp-content\/uploads\/2025\/08\/P1050473-1024x452.jpg\" alt=\"\" class=\"wp-image-202\" srcset=\"https:\/\/aapha.fr\/wp-content\/uploads\/2025\/08\/P1050473-1024x452.jpg 1024w, https:\/\/aapha.fr\/wp-content\/uploads\/2025\/08\/P1050473-300x132.jpg 300w, https:\/\/aapha.fr\/wp-content\/uploads\/2025\/08\/P1050473-768x339.jpg 768w, https:\/\/aapha.fr\/wp-content\/uploads\/2025\/08\/P1050473-1536x678.jpg 1536w, https:\/\/aapha.fr\/wp-content\/uploads\/2025\/08\/P1050473-2048x904.jpg 2048w\" sizes=\"auto, (max-width: 1024px) 100vw, 1024px\" \/><\/figure>\n<\/figure>\n\n\n\n<div style=\"height:121px\" aria-hidden=\"true\" class=\"wp-block-spacer\"><\/div>\n\n\n\n<p class=\"has-text-align-center has-small-font-size\"><strong>28 avril 2025 <\/strong><\/p>\n\n\n\n<div class=\"wp-block-cover alignfull\"><img loading=\"lazy\" decoding=\"async\" width=\"1024\" height=\"527\" class=\"wp-block-cover__image-background wp-image-147 size-large\" alt=\"\" src=\"https:\/\/aapha.fr\/wp-content\/uploads\/2025\/08\/P1050148-1024x527.jpg\" data-object-fit=\"cover\" srcset=\"https:\/\/aapha.fr\/wp-content\/uploads\/2025\/08\/P1050148-1024x527.jpg 1024w, https:\/\/aapha.fr\/wp-content\/uploads\/2025\/08\/P1050148-300x154.jpg 300w, https:\/\/aapha.fr\/wp-content\/uploads\/2025\/08\/P1050148-768x395.jpg 768w, https:\/\/aapha.fr\/wp-content\/uploads\/2025\/08\/P1050148-1536x790.jpg 1536w, https:\/\/aapha.fr\/wp-content\/uploads\/2025\/08\/P1050148-2048x1053.jpg 2048w\" sizes=\"auto, (max-width: 1024px) 100vw, 1024px\" \/><span aria-hidden=\"true\" class=\"wp-block-cover__background has-background-dim-0 has-background-dim\" style=\"background-color:#6a755c\"><\/span><div class=\"wp-block-cover__inner-container has-global-padding is-layout-constrained wp-block-cover-is-layout-constrained\">\n<div style=\"height:201px\" aria-hidden=\"true\" class=\"wp-block-spacer\"><\/div>\n\n\n\n<p class=\"has-text-align-center has-x-large-font-size\"><strong>500\u00e8me anniversaire de la guerre des paysans<\/strong><\/p>\n<\/div><\/div>\n\n\n\n<figure class=\"wp-block-gallery alignwide has-nested-images columns-3 is-cropped wp-block-gallery-2 is-layout-flex wp-block-gallery-is-layout-flex\">\n<figure class=\"wp-block-image size-large\"><img loading=\"lazy\" decoding=\"async\" width=\"859\" height=\"1024\" data-id=\"148\" src=\"https:\/\/aapha.fr\/wp-content\/uploads\/2025\/08\/P1050129-859x1024.jpg\" alt=\"\" class=\"wp-image-148\" srcset=\"https:\/\/aapha.fr\/wp-content\/uploads\/2025\/08\/P1050129-859x1024.jpg 859w, https:\/\/aapha.fr\/wp-content\/uploads\/2025\/08\/P1050129-252x300.jpg 252w, https:\/\/aapha.fr\/wp-content\/uploads\/2025\/08\/P1050129-768x916.jpg 768w, https:\/\/aapha.fr\/wp-content\/uploads\/2025\/08\/P1050129-1288x1536.jpg 1288w, https:\/\/aapha.fr\/wp-content\/uploads\/2025\/08\/P1050129-1717x2048.jpg 1717w\" sizes=\"auto, (max-width: 859px) 100vw, 859px\" \/><\/figure>\n\n\n\n<figure class=\"wp-block-image size-large\"><img loading=\"lazy\" decoding=\"async\" width=\"1024\" height=\"634\" data-id=\"149\" src=\"https:\/\/aapha.fr\/wp-content\/uploads\/2025\/08\/P1050135-1024x634.jpg\" alt=\"\" class=\"wp-image-149\" srcset=\"https:\/\/aapha.fr\/wp-content\/uploads\/2025\/08\/P1050135-1024x634.jpg 1024w, https:\/\/aapha.fr\/wp-content\/uploads\/2025\/08\/P1050135-300x186.jpg 300w, https:\/\/aapha.fr\/wp-content\/uploads\/2025\/08\/P1050135-768x476.jpg 768w, https:\/\/aapha.fr\/wp-content\/uploads\/2025\/08\/P1050135-1536x951.jpg 1536w, https:\/\/aapha.fr\/wp-content\/uploads\/2025\/08\/P1050135-2048x1268.jpg 2048w\" sizes=\"auto, (max-width: 1024px) 100vw, 1024px\" \/><\/figure>\n\n\n\n<figure class=\"wp-block-image size-large\"><img loading=\"lazy\" decoding=\"async\" width=\"673\" height=\"1024\" data-id=\"150\" src=\"https:\/\/aapha.fr\/wp-content\/uploads\/2025\/08\/P1050168-673x1024.jpg\" alt=\"\" class=\"wp-image-150\" srcset=\"https:\/\/aapha.fr\/wp-content\/uploads\/2025\/08\/P1050168-673x1024.jpg 673w, https:\/\/aapha.fr\/wp-content\/uploads\/2025\/08\/P1050168-197x300.jpg 197w, https:\/\/aapha.fr\/wp-content\/uploads\/2025\/08\/P1050168-scaled.jpg 1683w\" sizes=\"auto, (max-width: 673px) 100vw, 673px\" \/><\/figure>\n\n\n\n<figure class=\"wp-block-image size-large\"><img loading=\"lazy\" decoding=\"async\" width=\"1024\" height=\"683\" data-id=\"152\" src=\"https:\/\/aapha.fr\/wp-content\/uploads\/2025\/08\/P1050164-1024x683.jpg\" alt=\"\" class=\"wp-image-152\" srcset=\"https:\/\/aapha.fr\/wp-content\/uploads\/2025\/08\/P1050164-1024x683.jpg 1024w, https:\/\/aapha.fr\/wp-content\/uploads\/2025\/08\/P1050164-300x200.jpg 300w, https:\/\/aapha.fr\/wp-content\/uploads\/2025\/08\/P1050164-768x512.jpg 768w, https:\/\/aapha.fr\/wp-content\/uploads\/2025\/08\/P1050164-1536x1024.jpg 1536w, https:\/\/aapha.fr\/wp-content\/uploads\/2025\/08\/P1050164-2048x1365.jpg 2048w\" sizes=\"auto, (max-width: 1024px) 100vw, 1024px\" \/><\/figure>\n\n\n\n<figure class=\"wp-block-image size-large is-resized\"><img loading=\"lazy\" decoding=\"async\" width=\"1024\" height=\"683\" data-id=\"195\" src=\"https:\/\/aapha.fr\/wp-content\/uploads\/2025\/08\/P1050163-1024x683.jpg\" alt=\"\" class=\"wp-image-195\" style=\"width:187px;height:auto\" srcset=\"https:\/\/aapha.fr\/wp-content\/uploads\/2025\/08\/P1050163-1024x683.jpg 1024w, https:\/\/aapha.fr\/wp-content\/uploads\/2025\/08\/P1050163-300x200.jpg 300w, https:\/\/aapha.fr\/wp-content\/uploads\/2025\/08\/P1050163-768x512.jpg 768w, https:\/\/aapha.fr\/wp-content\/uploads\/2025\/08\/P1050163-1536x1024.jpg 1536w, https:\/\/aapha.fr\/wp-content\/uploads\/2025\/08\/P1050163-2048x1365.jpg 2048w\" sizes=\"auto, (max-width: 1024px) 100vw, 1024px\" \/><\/figure>\n\n\n\n<figure class=\"wp-block-image size-large\"><img loading=\"lazy\" decoding=\"async\" width=\"1024\" height=\"683\" data-id=\"151\" src=\"https:\/\/aapha.fr\/wp-content\/uploads\/2025\/08\/P1050158-1024x683.jpg\" alt=\"\" class=\"wp-image-151\" srcset=\"https:\/\/aapha.fr\/wp-content\/uploads\/2025\/08\/P1050158-1024x683.jpg 1024w, https:\/\/aapha.fr\/wp-content\/uploads\/2025\/08\/P1050158-300x200.jpg 300w, https:\/\/aapha.fr\/wp-content\/uploads\/2025\/08\/P1050158-768x512.jpg 768w\" sizes=\"auto, (max-width: 1024px) 100vw, 1024px\" \/><\/figure>\n\n\n\n<figure class=\"wp-block-image size-large\"><img loading=\"lazy\" decoding=\"async\" width=\"1024\" height=\"485\" data-id=\"196\" src=\"https:\/\/aapha.fr\/wp-content\/uploads\/2025\/08\/P1050159-1024x485.jpg\" alt=\"\" class=\"wp-image-196\" srcset=\"https:\/\/aapha.fr\/wp-content\/uploads\/2025\/08\/P1050159-1024x485.jpg 1024w, https:\/\/aapha.fr\/wp-content\/uploads\/2025\/08\/P1050159-300x142.jpg 300w, https:\/\/aapha.fr\/wp-content\/uploads\/2025\/08\/P1050159-768x363.jpg 768w, https:\/\/aapha.fr\/wp-content\/uploads\/2025\/08\/P1050159-1536x727.jpg 1536w, https:\/\/aapha.fr\/wp-content\/uploads\/2025\/08\/P1050159-2048x969.jpg 2048w\" sizes=\"auto, (max-width: 1024px) 100vw, 1024px\" \/><\/figure>\n\n\n\n<figure class=\"wp-block-image size-large\"><img loading=\"lazy\" decoding=\"async\" width=\"1024\" height=\"663\" data-id=\"194\" src=\"https:\/\/aapha.fr\/wp-content\/uploads\/2025\/08\/P1050144-1024x663.jpg\" alt=\"\" class=\"wp-image-194\" srcset=\"https:\/\/aapha.fr\/wp-content\/uploads\/2025\/08\/P1050144-1024x663.jpg 1024w, https:\/\/aapha.fr\/wp-content\/uploads\/2025\/08\/P1050144-300x194.jpg 300w, https:\/\/aapha.fr\/wp-content\/uploads\/2025\/08\/P1050144-768x497.jpg 768w, https:\/\/aapha.fr\/wp-content\/uploads\/2025\/08\/P1050144-1536x994.jpg 1536w, https:\/\/aapha.fr\/wp-content\/uploads\/2025\/08\/P1050144-2048x1326.jpg 2048w\" sizes=\"auto, (max-width: 1024px) 100vw, 1024px\" \/><\/figure>\n<\/figure>\n","protected":false},"excerpt":{"rendered":"<p>21 septembre 2025 Dans le cadre des journ\u00e9es du patrimoine, une visite guid\u00e9e intitul\u00e9e \u00ab\u00a0Patrimoine et Nature\u00a0\u00bb a \u00e9t\u00e9 organis\u00e9e par l&rsquo;AAPHA Nombre de participants : 7 Chapelle d&rsquo;Altorf 28 juin 2025 28 avril 2025<\/p>\n","protected":false},"author":2,"featured_media":0,"parent":0,"menu_order":4,"comment_status":"closed","ping_status":"closed","template":"page-no-title","meta":{"footnotes":""},"class_list":["post-145","page","type-page","status-publish","hentry"],"_links":{"self":[{"href":"https:\/\/aapha.fr\/index.php?rest_route=\/wp\/v2\/pages\/145","targetHints":{"allow":["GET"]}}],"collection":[{"href":"https:\/\/aapha.fr\/index.php?rest_route=\/wp\/v2\/pages"}],"about":[{"href":"https:\/\/aapha.fr\/index.php?rest_route=\/wp\/v2\/types\/page"}],"author":[{"embeddable":true,"href":"https:\/\/aapha.fr\/index.php?rest_route=\/wp\/v2\/users\/2"}],"replies":[{"embeddable":true,"href":"https:\/\/aapha.fr\/index.php?rest_route=%2Fwp%2Fv2%2Fcomments&post=145"}],"version-history":[{"count":26,"href":"https:\/\/aapha.fr\/index.php?rest_route=\/wp\/v2\/pages\/145\/revisions"}],"predecessor-version":[{"id":318,"href":"https:\/\/aapha.fr\/index.php?rest_route=\/wp\/v2\/pages\/145\/revisions\/318"}],"wp:attachment":[{"href":"https:\/\/aapha.fr\/index.php?rest_route=%2Fwp%2Fv2%2Fmedia&parent=145"}],"curies":[{"name":"wp","href":"https:\/\/api.w.org\/{rel}","templated":true}]}}